{"id":3419,"date":"2020-11-02T09:09:03","date_gmt":"2020-11-02T09:09:03","guid":{"rendered":"https:\/\/lagrandedegustation.com\/homepage\/"},"modified":"2025-10-30T13:58:52","modified_gmt":"2025-10-30T13:58:52","slug":"homepage","status":"publish","type":"page","link":"https:\/\/lagrandedegustation.com\/en\/","title":{"rendered":"HOMEPAGE"},"content":{"rendered":"\n<h2 class=\"wp-block-heading has-cyan-bluish-gray-color has-text-color has-link-color wp-elements-53ed0f5d48036e3a22af6472a231786b\">La Grande D\u00e9gustation de Montr\u00e9al<\/h2>\n\n<h3 class=\"wp-block-heading has-cyan-bluish-gray-color has-text-color has-link-color wp-elements-43ff0e22181e0e183ff06ec5a738c135\">Taste a world of flavours<\/h3>\n\n<p class=\"has-cyan-bluish-gray-color has-text-color has-link-color wp-elements-45ca79c99c27357341687ee20842a4b4\">La Grande D\u00e9gustation de Montreal celebrates its <strong>15th edition<\/strong> at the <strong>Grand Quay of the Port of Montrea<\/strong>l.<\/p>\n\n<p class=\"has-cyan-bluish-gray-color has-text-color has-link-color wp-elements-91f44de2c8e98c6105cc435a9088563d\">Get your bottles on time for the Holiday Season! This is a unique opportunity to buy exclusive products and enjoy a wide selection of <strong>private imports available by the bottle<\/strong>. <\/p>\n\n<p class=\"has-cyan-bluish-gray-color has-text-color has-link-color wp-elements-c40e089623be1fe3f9e319e29bbf254c\">More than <strong>1,700 products<\/strong> from the four corners of the globe will be presented in a lively atmosphere in the presence of a host of producers and agencies especially present for the occasion. <\/p>\n\n<p><a href=\"https:\/\/lagrandedegustation.com\/en\/ticketing\/\">GET YOUR TICKETS<\/a><\/p>\n\n<h2 class=\"wp-block-heading has-cyan-bluish-gray-color has-text-color has-link-color wp-elements-9d6886f48501d68c6dca6a88f7a23ac6\">Spotlight on 5 Wine regions<\/h2>\n\n<p class=\"has-cyan-bluish-gray-color has-text-color has-link-color wp-elements-d107d4a8f698b2896f2430ae59c9663d\">Come and visit the stands of these 5 wine regions that are eager to make you discover the personality and richness of their wines:<\/p>\n\n<p class=\"has-cyan-bluish-gray-color has-text-color has-link-color wp-elements-2f19326762e0cbb57fa25cecc7cdcee3\"><strong><strong>Australia<br\/>Beaujolais (France)<br\/>Corsica (France)<br\/>Georgia<br\/>Sicily (Italy)<\/strong><\/strong><\/p>\n\n<p><a href=\"https:\/\/lagrandedegustation.com\/en\/exhibitors\/\">LIST OF EXHIBITORS<\/a><\/p>\n\n<h2 class=\"wp-block-heading has-cyan-bluish-gray-color has-text-color has-link-color wp-elements-c548aa9a051b8b7ec41eb131745fe5b3\">How to purchase products<\/h2>\n\n<p class=\"has-cyan-bluish-gray-color has-text-color has-link-color wp-elements-9d421c9f8cdd273b82d3bd4d29620b64\">To purchase products at La Grande D\u00e9gustation de Montr\u00e9al, make sure to have downloaded <a href=\"https:\/\/www.saq.com\/en\/saqinspire#app\" target=\"_blank\" rel=\"noreferrer noopener\">the SAQ app<\/a> on your phone before arriving at the event.<\/p>\n\n<p class=\"has-cyan-bluish-gray-color has-text-color has-link-color wp-elements-3046d49c2dc13f0a27782080cbcb02aa\"><strong>1. Scan the bottles.<br\/>2. Add them to your favorites or your cart.<br\/>3. Proceed to check out a the end of the event!<\/strong><\/p>\n\n<h2 class=\"wp-block-heading has-cyan-bluish-gray-color has-text-color has-link-color wp-elements-f526599b0e467c178ecb096f275c6650\"><strong>Let yourself be inspired<\/strong><\/h2>\n\n<p><a href=\"https:\/\/www.instagram.com\/lgdmtl\/\" target=\"_blank\" rel=\"noreferrer noopener\">FOLLOW LGDMTL ON INSTAGRAM<\/a><\/p>\n\n<h2 class=\"wp-block-heading has-cyan-bluish-gray-color has-text-color has-link-color wp-elements-651b09900e790df55505f2502439302f\"><strong>Thanks to our partners<\/strong><\/h2>\n\n<h3 class=\"wp-block-heading has-cyan-bluish-gray-color has-text-color has-link-color wp-elements-b08a5c3d5fbacd934b82f5ce53b8413a\">Opening hours &#8211; La Grande D\u00e9gustation de Montr\u00e9al<\/h3>\n\n<p class=\"has-cyan-bluish-gray-color has-text-color has-link-color wp-elements-30b41db23e8a289c7279f1ec7c01b80b\"><strong>Thursday, November 6, 11am to 4:30pm<\/strong><br\/>Industry professionals and the media<\/p>\n\n<p class=\"has-cyan-bluish-gray-color has-text-color has-link-color wp-elements-2d71d90429a19e19f6c601448e4f6e16\"><strong>Thursday, November 6, 5:30pm to 9:30pm<\/strong><br\/>SAQ Inspire Evening<\/p>\n\n<p class=\"has-cyan-bluish-gray-color has-text-color has-link-color wp-elements-d1df75d9790221d0ba51d6b75661a119\"><strong>Friday, November 7, 2pm to 9pm<\/strong><br\/>General public<\/p>\n\n<p class=\"has-cyan-bluish-gray-color has-text-color has-link-color wp-elements-97b87455a9c6667d34b8fdd22fe54395\"><strong>Saturday, November 8, 1pm to 9pm<\/strong><br\/>General public<\/p>\n\n<h4 class=\"wp-block-heading has-cyan-bluish-gray-color has-text-color has-link-color wp-elements-cc704d60d38bbfc8d0dd6039f72939f6\">Prepare your visit<\/h4>\n\n<p><a href=\"https:\/\/lagrandedegustation.com\/en\/ticketing\/\" target=\"_blank\" rel=\"noreferrer noopener\">ADMISSION TICKETS<\/a><br\/><a href=\"https:\/\/lagrandedegustation.com\/en\/tasting-coupons\/\" target=\"_blank\" rel=\"noreferrer noopener\">TASTING COUPONS<\/a><\/p>\n\n<h4 class=\"wp-block-heading has-cyan-bluish-gray-color has-text-color has-link-color wp-elements-a718c0bd1074d2ccb8429b82c4b8c973\">Questions?<\/h4>\n\n<p><a href=\"https:\/\/lagrandedegustation.com\/en\/practical-info\/\" target=\"_blank\" rel=\"noreferrer noopener\">PRACTICAL INFO<\/a><br\/><a href=\"mailto:info@a3quebec.com\" target=\"_blank\" rel=\"noreferrer noopener\">CONTACT US<\/a><br\/><a href=\"https:\/\/lagrandedegustation.com\/en\/professionals-and-media\/\" target=\"_blank\" rel=\"noreferrer noopener\">PROFESSIONALS AND MEDIA<\/a><\/p>\n\n<p class=\"has-cyan-bluish-gray-color has-text-color has-link-color wp-elements-b66abd133d19faf610cb0d22f7f8cbe2\">The admission ticket gives <strong>single-day<\/strong> access and includes <strong>10 tasting coupons<\/strong> (value of $10). A tasting glass will be given to you upon arrival and must be returned before you leave the site. <\/p>\n\n<figure class=\"wp-block-image size-full is-resized\"><a href=\"https:\/\/lagrandedegustation.com\/wp-content\/uploads\/2024\/08\/03170_web.jpg\"><img loading=\"lazy\" decoding=\"async\" width=\"1000\" height=\"929\" src=\"https:\/\/lagrandedegustation.com\/wp-content\/uploads\/2024\/08\/03170_web.jpg\" alt=\"La Grande D&#xE9;gustation de Montr&#xE9;al\" class=\"wp-image-3369\" style=\"width:284px;height:auto\" srcset=\"https:\/\/lagrandedegustation.com\/wp-content\/uploads\/2024\/08\/03170_web.jpg 1000w, https:\/\/lagrandedegustation.com\/wp-content\/uploads\/2024\/08\/03170_web-500x465.jpg 500w, https:\/\/lagrandedegustation.com\/wp-content\/uploads\/2024\/08\/03170_web-300x279.jpg 300w, https:\/\/lagrandedegustation.com\/wp-content\/uploads\/2024\/08\/03170_web-768x713.jpg 768w, https:\/\/lagrandedegustation.com\/wp-content\/uploads\/2024\/08\/03170_web-81x75.jpg 81w, https:\/\/lagrandedegustation.com\/wp-content\/uploads\/2024\/08\/03170_web-480x446.jpg 480w\" sizes=\"auto, (max-width:767px) 700px, (max-width:1000px) 100vw, 1000px\" \/><\/a><\/figure>\n","protected":false},"excerpt":{"rendered":"<p>La Grande D\u00e9gustation de Montr\u00e9al Taste a world of flavours La Grande D\u00e9gustation de Montreal celebrates its 15th edition at the Grand Quay of the Port<span class=\"excerpt-hellip\"> [\u2026]<\/span><\/p>\n","protected":false},"author":2,"featured_media":0,"parent":0,"menu_order":0,"comment_status":"open","ping_status":"closed","template":"","meta":{"footnotes":""},"class_list":["post-3419","page","type-page","status-publish","hentry"],"yoast_head":"<!-- This site is optimized with the Yoast SEO plugin v26.9 - https:\/\/yoast.com\/product\/yoast-seo-wordpress\/ -->\n<title>La Grande D\u00e9gustation de Montr\u00e9al<\/title>\n<meta name=\"description\" content=\"La Grande D\u00e9gustation de Montreal welcomes you at the Grand Quay of the Port of Montreal. Get your bottles on time for the Holidays!\" \/>\n<meta name=\"robots\" content=\"index, follow, max-snippet:-1, max-image-preview:large, max-video-preview:-1\" \/>\n<link rel=\"canonical\" href=\"https:\/\/lagrandedegustation.com\/en\/\" \/>\n<meta property=\"og:locale\" content=\"en_US\" \/>\n<meta property=\"og:type\" content=\"article\" \/>\n<meta property=\"og:title\" content=\"La Grande D\u00e9gustation de Montr\u00e9al\" \/>\n<meta property=\"og:description\" content=\"La Grande D\u00e9gustation de Montreal welcomes you at the Grand Quay of the Port of Montreal. Get your bottles on time for the Holidays!\" \/>\n<meta property=\"og:url\" content=\"https:\/\/lagrandedegustation.com\/en\/\" \/>\n<meta property=\"og:site_name\" content=\"La Grande D\u00e9gustation\" \/>\n<meta property=\"article:modified_time\" content=\"2025-10-30T13:58:52+00:00\" \/>\n<meta property=\"og:image\" content=\"https:\/\/lagrandedegustation.com\/wp-content\/uploads\/2024\/08\/03170_web.jpg\" \/>\n\t<meta property=\"og:image:width\" content=\"1000\" \/>\n\t<meta property=\"og:image:height\" content=\"929\" \/>\n\t<meta property=\"og:image:type\" content=\"image\/jpeg\" \/>\n<meta name=\"twitter:card\" content=\"summary_large_image\" \/>\n<meta name=\"twitter:label1\" content=\"Est. reading time\" \/>\n\t<meta name=\"twitter:data1\" content=\"2 minutes\" \/>\n<script type=\"application\/ld+json\" class=\"yoast-schema-graph\">{\"@context\":\"https:\/\/schema.org\",\"@graph\":[{\"@type\":\"WebPage\",\"@id\":\"https:\/\/lagrandedegustation.com\/en\/\",\"url\":\"https:\/\/lagrandedegustation.com\/en\/\",\"name\":\"La Grande D\u00e9gustation de Montr\u00e9al\",\"isPartOf\":{\"@id\":\"https:\/\/lagrandedegustation.com\/#website\"},\"primaryImageOfPage\":{\"@id\":\"https:\/\/lagrandedegustation.com\/en\/#primaryimage\"},\"image\":{\"@id\":\"https:\/\/lagrandedegustation.com\/en\/#primaryimage\"},\"thumbnailUrl\":\"https:\/\/lagrandedegustation.com\/wp-content\/uploads\/2024\/08\/03170_web.jpg\",\"datePublished\":\"2020-11-02T09:09:03+00:00\",\"dateModified\":\"2025-10-30T13:58:52+00:00\",\"description\":\"La Grande D\u00e9gustation de Montreal welcomes you at the Grand Quay of the Port of Montreal. Get your bottles on time for the Holidays!\",\"breadcrumb\":{\"@id\":\"https:\/\/lagrandedegustation.com\/en\/#breadcrumb\"},\"inLanguage\":\"en-US\",\"potentialAction\":[{\"@type\":\"ReadAction\",\"target\":[\"https:\/\/lagrandedegustation.com\/en\/\"]}]},{\"@type\":\"ImageObject\",\"inLanguage\":\"en-US\",\"@id\":\"https:\/\/lagrandedegustation.com\/en\/#primaryimage\",\"url\":\"https:\/\/lagrandedegustation.com\/wp-content\/uploads\/2024\/08\/03170_web.jpg\",\"contentUrl\":\"https:\/\/lagrandedegustation.com\/wp-content\/uploads\/2024\/08\/03170_web.jpg\"},{\"@type\":\"BreadcrumbList\",\"@id\":\"https:\/\/lagrandedegustation.com\/en\/#breadcrumb\",\"itemListElement\":[{\"@type\":\"ListItem\",\"position\":1,\"name\":\"Home\",\"item\":\"https:\/\/lagrandedegustation.com\/en\/\"},{\"@type\":\"ListItem\",\"position\":2,\"name\":\"HOMEPAGE\"}]},{\"@type\":\"WebSite\",\"@id\":\"https:\/\/lagrandedegustation.com\/#website\",\"url\":\"https:\/\/lagrandedegustation.com\/\",\"name\":\"La Grande D\u00e9gustation\",\"description\":\"28 au 30 novembre 2024\",\"potentialAction\":[{\"@type\":\"SearchAction\",\"target\":{\"@type\":\"EntryPoint\",\"urlTemplate\":\"https:\/\/lagrandedegustation.com\/?s={search_term_string}\"},\"query-input\":{\"@type\":\"PropertyValueSpecification\",\"valueRequired\":true,\"valueName\":\"search_term_string\"}}],\"inLanguage\":\"en-US\"}]}<\/script>\n<!-- \/ Yoast SEO plugin. -->","yoast_head_json":{"title":"La Grande D\u00e9gustation de Montr\u00e9al","description":"La Grande D\u00e9gustation de Montreal welcomes you at the Grand Quay of the Port of Montreal. Get your bottles on time for the Holidays!","robots":{"index":"index","follow":"follow","max-snippet":"max-snippet:-1","max-image-preview":"max-image-preview:large","max-video-preview":"max-video-preview:-1"},"canonical":"https:\/\/lagrandedegustation.com\/en\/","og_locale":"en_US","og_type":"article","og_title":"La Grande D\u00e9gustation de Montr\u00e9al","og_description":"La Grande D\u00e9gustation de Montreal welcomes you at the Grand Quay of the Port of Montreal. Get your bottles on time for the Holidays!","og_url":"https:\/\/lagrandedegustation.com\/en\/","og_site_name":"La Grande D\u00e9gustation","article_modified_time":"2025-10-30T13:58:52+00:00","og_image":[{"width":1000,"height":929,"url":"https:\/\/lagrandedegustation.com\/wp-content\/uploads\/2024\/08\/03170_web.jpg","type":"image\/jpeg"}],"twitter_card":"summary_large_image","twitter_misc":{"Est. reading time":"2 minutes"},"schema":{"@context":"https:\/\/schema.org","@graph":[{"@type":"WebPage","@id":"https:\/\/lagrandedegustation.com\/en\/","url":"https:\/\/lagrandedegustation.com\/en\/","name":"La Grande D\u00e9gustation de Montr\u00e9al","isPartOf":{"@id":"https:\/\/lagrandedegustation.com\/#website"},"primaryImageOfPage":{"@id":"https:\/\/lagrandedegustation.com\/en\/#primaryimage"},"image":{"@id":"https:\/\/lagrandedegustation.com\/en\/#primaryimage"},"thumbnailUrl":"https:\/\/lagrandedegustation.com\/wp-content\/uploads\/2024\/08\/03170_web.jpg","datePublished":"2020-11-02T09:09:03+00:00","dateModified":"2025-10-30T13:58:52+00:00","description":"La Grande D\u00e9gustation de Montreal welcomes you at the Grand Quay of the Port of Montreal. Get your bottles on time for the Holidays!","breadcrumb":{"@id":"https:\/\/lagrandedegustation.com\/en\/#breadcrumb"},"inLanguage":"en-US","potentialAction":[{"@type":"ReadAction","target":["https:\/\/lagrandedegustation.com\/en\/"]}]},{"@type":"ImageObject","inLanguage":"en-US","@id":"https:\/\/lagrandedegustation.com\/en\/#primaryimage","url":"https:\/\/lagrandedegustation.com\/wp-content\/uploads\/2024\/08\/03170_web.jpg","contentUrl":"https:\/\/lagrandedegustation.com\/wp-content\/uploads\/2024\/08\/03170_web.jpg"},{"@type":"BreadcrumbList","@id":"https:\/\/lagrandedegustation.com\/en\/#breadcrumb","itemListElement":[{"@type":"ListItem","position":1,"name":"Home","item":"https:\/\/lagrandedegustation.com\/en\/"},{"@type":"ListItem","position":2,"name":"HOMEPAGE"}]},{"@type":"WebSite","@id":"https:\/\/lagrandedegustation.com\/#website","url":"https:\/\/lagrandedegustation.com\/","name":"La Grande D\u00e9gustation","description":"28 au 30 novembre 2024","potentialAction":[{"@type":"SearchAction","target":{"@type":"EntryPoint","urlTemplate":"https:\/\/lagrandedegustation.com\/?s={search_term_string}"},"query-input":{"@type":"PropertyValueSpecification","valueRequired":true,"valueName":"search_term_string"}}],"inLanguage":"en-US"}]}},"_links":{"self":[{"href":"https:\/\/lagrandedegustation.com\/en\/wp-json\/wp\/v2\/pages\/3419","targetHints":{"allow":["GET"]}}],"collection":[{"href":"https:\/\/lagrandedegustation.com\/en\/wp-json\/wp\/v2\/pages"}],"about":[{"href":"https:\/\/lagrandedegustation.com\/en\/wp-json\/wp\/v2\/types\/page"}],"author":[{"embeddable":true,"href":"https:\/\/lagrandedegustation.com\/en\/wp-json\/wp\/v2\/users\/2"}],"replies":[{"embeddable":true,"href":"https:\/\/lagrandedegustation.com\/en\/wp-json\/wp\/v2\/comments?post=3419"}],"version-history":[{"count":0,"href":"https:\/\/lagrandedegustation.com\/en\/wp-json\/wp\/v2\/pages\/3419\/revisions"}],"wp:attachment":[{"href":"https:\/\/lagrandedegustation.com\/en\/wp-json\/wp\/v2\/media?parent=3419"}],"curies":[{"name":"wp","href":"https:\/\/api.w.org\/{rel}","templated":true}]}}